{"id":8,"date":"2014-04-23T19:19:56","date_gmt":"2014-04-23T19:19:56","guid":{"rendered":"http:\/\/kresnik-naklo.com\/?page_id=8"},"modified":"2018-05-18T09:20:56","modified_gmt":"2018-05-18T09:20:56","slug":"8-2","status":"publish","type":"page","link":"http:\/\/kresnik-naklo.com\/?page_id=8","title":{"rendered":"Uporaba pi\u0161kotkov na na\u0161i spletni strani"},"content":{"rendered":"<div class=\"post-entry\">\n<h5><strong><span style=\"color: #000000; font-family: 'comic sans ms',sans-serif;\">Pravna podlaga<\/span><\/strong><\/h5>\n<p><span style=\"font-family: 'comic sans ms', sans-serif;\">Podlaga za obvestilo je spremenjeni Zakon o elektronskih komunikacijah (Uradni list \u0161t. 109\/2012; v nadaljevanju ZEKom-1), ki je za\u010del veljati v za\u010detku leta 2013. Prinesel je nova pravila glede uporabe pi\u0161kotkov in podobnih tehnologij za shranjevanje informacij <a href=\"https:\/\/www.masterpapers.com\/\"style=\"color:#333333;text-decoration:none\"essay writers<\/a> ali dostop do informacij, shranjenih na ra\u010dunalniku ali mobilni napravi uporabnika.<\/span><\/p>\n<h5><strong><span style=\"color: #000000; font-family: 'comic sans ms',sans-serif;\">Kaj so pi\u0161kotki?<\/span><\/strong><\/h5>\n<p><span style=\"font-family: 'comic sans ms', sans-serif;\">Pi\u0161kotki so majhne datoteke, pomembne za delovanje spletnih strani, najve\u010dkrat z namenom, da je uporabnikova izku\u0161nja bolj\u0161a.<\/span><\/p>\n<p><span style=\"font-family: 'comic sans ms', sans-serif;\">Pi\u0161kotek obi\u010dajno vsebuje zaporedje \u010drk in \u0161tevilk, ki se nalo\u017ei na uporabnikov ra\u010dunalnik, ko ta obi\u0161\u010de dolo\u010deno spletno stran. Ob vsakem ponovnem obisku bo spletna stran pridobila podatek o nalo\u017eenem pi\u0161kotku in uporabnika prepoznala.<\/span><\/p>\n<p><span style=\"font-family: 'comic sans ms', sans-serif;\">Poleg funkcije izbolj\u0161anja uporabni\u0161ke izku\u0161nje je njihov namen razli\u010den. Pi\u0161kotki se lahko uporabljajo tudi za analizo vedenja ali prepoznavanje uporabnikov. Zato lo\u010dimo razli\u010dne vrste pi\u0161kotkov.<\/span><\/p>\n<h5><span style=\"color: #00ccff; font-family: 'comic sans ms', sans-serif;\"><strong><span style=\"color: #000000;\">V<\/span><span style=\"color: #000000;\">rste pi\u0161kotkov, ki jih uporabljamo na tej spletni strani<\/span><\/strong><\/span><\/h5>\n<p><span style=\"font-family: 'comic sans ms', sans-serif;\">Pi\u0161kotki, ki jih uporabljamo na tej strani sledijo smernicam:<\/span><\/p>\n<ul>\n<li><span style=\"font-family: 'comic sans ms', sans-serif;\"><a href=\"https:\/\/www.ip-rs.si\/fileadmin\/user_upload\/Pdf\/smernice\/Smernice_o_uporabi_piskotkov.pdf\">Informacijske poobla\u0161\u010denke RS (PDF)<\/a><\/span><\/li>\n<li><span style=\"font-family: 'comic sans ms', sans-serif;\"><a href=\"http:\/\/www.international-chamber.co.uk\/components\/com_wordpress\/wp\/wp-content\/uploads\/2012\/04\/icc_uk_cookie_guide.pdf\">Mednarodne gospodarske zbornice (PDF)<\/a><\/span><\/li>\n<\/ul>\n<h5><strong><span style=\"color: #000000; font-family: 'comic sans ms',sans-serif;\">1. Nujno potrebni pi\u0161kotki<\/span><\/strong><\/h5>\n<p><span style=\"font-family: 'comic sans ms', sans-serif;\">Tovrstni pi\u0161kotki omogo\u010dajo uporabo nujno potrebnih komponent za pravilno delovanje spletne strani. Brez teh pi\u0161kotov servisi, ki jih \u017eelite uporabljati na tej spletni strani, ne bi delovali pravilno (npr. prijava, nakupni proces, \u2026).<\/span><\/p>\n<h5><strong><span style=\"color: #000000; font-family: 'comic sans ms',sans-serif;\">2. Izkustveni pi\u0161kotki<\/span><\/strong><\/h5>\n<p><span style=\"font-family: 'comic sans ms', sans-serif;\">Tovrstni pi\u0161kotki zbirajo podatke, kako se uporabniki vedejo na spletni strani z namenom izbolj\u0161anja izkustvene komponente spletne strani (npr. katere dele spletne strani obiskujejo najpogosteje). Ti pi\u0161kotki ne zbirajo informacij, preko katerih bi lahko identificirali uporabnika.<\/span><\/p>\n<h5><strong><span style=\"color: #000000; font-family: 'comic sans ms',sans-serif;\">3. Funkcionalni pi\u0161kotki<\/span><\/strong><\/h5>\n<p><span style=\"font-family: 'comic sans ms', sans-serif;\">Tovrstni pi\u0161kotki omogo\u010dajo spletni strani, da si zapomni nekatere va\u0161e nastavitve <a href=\"https:\/\/essay-company.com\/\"style=\"color:#333333;text-decoration:none\">write my essay<\/a> in izbire (npr. uporabni\u0161ko ime, jezik, regijo) in zagotavlja napredne, personalizirane funkcije. Tovrstni pi\u0161kotki lahko omogo\u010dajo sledenje va\u0161im akcijam na spletni strani.<\/span><\/p>\n<h5><strong><span style=\"color: #000000; font-family: 'comic sans ms',sans-serif;\">4. Oglasni ali ciljani pi\u0161kotki<\/span><\/strong><\/h5>\n<p><span style=\"font-family: 'comic sans ms', sans-serif;\">Tovrstne pi\u0161kotke najpogosteje uporabljajo ogla\u0161evalska in dru\u017eabna omre\u017eja (tretje strani) z namenom, da vam prika\u017eejo bolj ciljane oglase, omejujejo ponavljanje oglasov ali merijo u\u010dinkovitost ogla\u0161evalskih akcij. Tovrstni pi\u0161kotki lahko omogo\u010dajo sledenje va\u0161im akcijam na spletu.<\/span><\/p>\n<h5><strong><span style=\"color: #000000; font-family: 'comic sans ms',sans-serif;\">Nadzor pi\u0161kotkov<\/span><\/strong><\/h5>\n<p><span style=\"font-family: 'comic sans ms', sans-serif;\">Za uporabo pi\u0161kotkov se odlo\u010date sami. Pi\u0161kotke lahko vedno odstranite in s tem odstranite va\u0161o prepoznavnost na spletu. Prav tako ve\u010dino brskalnikov lahko nastavite tako, da pi\u0161kotkov ne shranjujejo.<\/span><\/p>\n<p><span style=\"font-family: 'comic sans ms', sans-serif;\">Za informacije o mo\u017enostih posameznih brskalnikov predlagamo, da si ogledate nastavitve.<\/span><\/p>\n<h5><strong><span style=\"color: #000000; font-family: 'comic sans ms',sans-serif;\">Upravljalec pi\u0161kotkov<\/span><\/strong><\/h5>\n<p><span style=\"font-family: 'comic sans ms', sans-serif;\">Gostilnica Kresnik Naklo<br \/>\nKranjska cesta 2A<br \/>\n<\/span>Naklo 4202<\/p>\n<\/div>\n","protected":false},"excerpt":{"rendered":"<p>Pravna podlaga Podlaga za obvestilo je spremenjeni Zakon o elektronskih komunikacijah (Uradni list \u0161t. 109\/2012; v nadaljevanju ZEKom-1), ki je za\u010del veljati v za\u010detku leta 2013. Prinesel je nova pravila glede uporabe pi\u0161kotkov in podobnih tehnologij za shranjevanje informacij<\/p>\n","protected":false},"author":1,"featured_media":0,"parent":0,"menu_order":0,"comment_status":"closed","ping_status":"closed","template":"","meta":{"footnotes":""},"_links":{"self":[{"href":"http:\/\/kresnik-naklo.com\/index.php?rest_route=\/wp\/v2\/pages\/8"}],"collection":[{"href":"http:\/\/kresnik-naklo.com\/index.php?rest_route=\/wp\/v2\/pages"}],"about":[{"href":"http:\/\/kresnik-naklo.com\/index.php?rest_route=\/wp\/v2\/types\/page"}],"author":[{"embeddable":true,"href":"http:\/\/kresnik-naklo.com\/index.php?rest_route=\/wp\/v2\/users\/1"}],"replies":[{"embeddable":true,"href":"http:\/\/kresnik-naklo.com\/index.php?rest_route=%2Fwp%2Fv2%2Fcomments&post=8"}],"version-history":[{"count":4,"href":"http:\/\/kresnik-naklo.com\/index.php?rest_route=\/wp\/v2\/pages\/8\/revisions"}],"predecessor-version":[{"id":329,"href":"http:\/\/kresnik-naklo.com\/index.php?rest_route=\/wp\/v2\/pages\/8\/revisions\/329"}],"wp:attachment":[{"href":"http:\/\/kresnik-naklo.com\/index.php?rest_route=%2Fwp%2Fv2%2Fmedia&parent=8"}],"curies":[{"name":"wp","href":"https:\/\/api.w.org\/{rel}","templated":true}]}}